{"id":2622,"date":"2026-04-06T18:21:55","date_gmt":"2026-04-06T16:21:55","guid":{"rendered":"https:\/\/hymantovalley.agirenet.it\/en\/?page_id=2622"},"modified":"2026-04-06T18:23:59","modified_gmt":"2026-04-06T16:23:59","slug":"fagioli-spa","status":"publish","type":"page","link":"https:\/\/hymantovalley.agirenet.it\/en\/partners\/fagioli-spa\/","title":{"rendered":"FAGIOLI"},"content":{"rendered":"\t\t<div data-elementor-type=\"wp-page\" data-elementor-id=\"2622\" class=\"elementor elementor-2622\">\n\t\t\t\t\t\t<section class=\"elementor-section elementor-top-section elementor-element elementor-element-7613a61e elementor-section-boxed elementor-section-height-default elementor-section-height-default wpr-particle-no wpr-jarallax-no wpr-parallax-no wpr-sticky-section-no\" data-id=\"7613a61e\" data-element_type=\"section\">\n\t\t\t\t\t\t<div class=\"elementor-container elementor-column-gap-default\">\n\t\t\t\t\t<div class=\"elementor-column elementor-col-50 elementor-top-column elementor-element elementor-element-705baa67\" data-id=\"705baa67\" data-element_type=\"column\">\n\t\t\t<div class=\"elementor-widget-wrap elementor-element-populated\">\n\t\t\t\t\t\t<div class=\"elementor-element elementor-element-2c36fb4 wpr-advanced-text-style-highlighted wpr-animated-text-infinite-yes elementor-widget elementor-widget-wpr-advanced-text\" data-id=\"2c36fb4\" data-element_type=\"widget\" data-settings=\"{&quot;anim_loop&quot;:&quot;yes&quot;}\" data-widget_type=\"wpr-advanced-text.default\">\n\t\t\t\t<div class=\"elementor-widget-container\">\n\t\t\t\t\t\n\t\t<h3 class=\"wpr-advanced-text\">\n\n\t\t\t\t\t\n\t\t\t\t\t\t\t<span class=\"wpr-advanced-text-preffix\">FAGIOLI SPA<\/span>\n\t\t\t\n\t\t<span class=\"wpr-highlighted-text\">\n\t\t\t\t\t\n\t\t\t<span class=\"wpr-highlighted-text-inner\">Hymantovalley<\/span>\n\n\t\t\t<svg xmlns=\"http:\/\/www.w3.org\/2000\/svg\" viewBox=\"0 0 500 150\" class=\"wpr-highlight-underline-zigzag\" preserveAspectRatio=\"none\">\n\t\t\t\t\t\t\t\t<path d=\"M9.3,127.3c49.3-3,150.7-7.6,199.7-7.4c121.9,0.4,189.9,0.4,282.3,7.2C380.1,129.6,181.2,130.6,70,139 c82.6-2.9,254.2-1,335.9,1.3c-56,1.4-137.2-0.3-197.1,9\"><\/path>\n\t\t\t\t\t\t\t<\/svg>\n\t\t\t\t\t<\/span>\n\t\t\t\t\t\t<span class=\"wpr-advanced-text-suffix\">partner<\/span>\n\t\t\t\t\t\n\t\t<\/h3>\n\t\t\n\t\t\t\t\t\t<\/div>\n\t\t\t\t<\/div>\n\t\t\t\t<section class=\"elementor-section elementor-inner-section elementor-element elementor-element-18ac423c elementor-section-boxed elementor-section-height-default elementor-section-height-default wpr-particle-no wpr-jarallax-no wpr-parallax-no wpr-sticky-section-no\" data-id=\"18ac423c\" data-element_type=\"section\">\n\t\t\t\t\t\t<div class=\"elementor-container elementor-column-gap-default\">\n\t\t\t\t\t<div class=\"elementor-column elementor-col-100 elementor-inner-column elementor-element elementor-element-569f1ec6\" data-id=\"569f1ec6\" data-element_type=\"column\">\n\t\t\t<div class=\"elementor-widget-wrap elementor-element-populated\">\n\t\t\t\t\t\t<div class=\"elementor-element elementor-element-102f85ca elementor-widget elementor-widget-text-editor\" data-id=\"102f85ca\" data-element_type=\"widget\" data-widget_type=\"text-editor.default\">\n\t\t\t\t<div class=\"elementor-widget-container\">\n\t\t\t\t\t\t\t\t\t<p>\u00a0<\/p><p><img decoding=\"async\" class=\"alignleft wp-image-2513 size-thumbnail\" src=\"https:\/\/hymantovalley.agirenet.it\/en\/wp-content\/uploads\/sites\/2\/2026\/04\/FAGIOLI-150x150.png\" alt=\"\" width=\"150\" height=\"150\" srcset=\"https:\/\/hymantovalley.agirenet.it\/en\/wp-content\/uploads\/sites\/2\/2026\/04\/FAGIOLI-150x150.png 150w, https:\/\/hymantovalley.agirenet.it\/en\/wp-content\/uploads\/sites\/2\/2026\/04\/FAGIOLI-300x300.png 300w, https:\/\/hymantovalley.agirenet.it\/en\/wp-content\/uploads\/sites\/2\/2026\/04\/FAGIOLI.png 500w\" sizes=\"(max-width: 150px) 100vw, 150px\" \/><\/p><p>Lorem Ipsum is simply dummy text of the printing and typesetting industry. Lorem Ipsum has been the industry&#8217;s standard dummy text ever since the 1500s, when an unknown printer took a galley of type and scrambled it to make a type specimen book. It has survived not only five centuries, but also the leap into electronic typesetting, remaining essentially unchanged. It was popularised in the 1960s with the release of Letraset sheets containing Lorem Ipsum passages, and more recently with desktop publishing software like Aldus PageMaker including versions of Lorem Ipsum.<\/p><ul><li><a href=\"https:\/\/www.fagioli.com\/it\/index.php\" target=\"_blank\" rel=\"noopener\"><strong>Link web page<\/strong><\/a><\/li><\/ul>\t\t\t\t\t\t\t\t<\/div>\n\t\t\t\t<\/div>\n\t\t\t\t\t<\/div>\n\t\t<\/div>\n\t\t\t\t\t<\/div>\n\t\t<\/section>\n\t\t\t\t\t<\/div>\n\t\t<\/div>\n\t\t\t\t<div class=\"elementor-column elementor-col-50 elementor-top-column elementor-element elementor-element-40691bc7\" data-id=\"40691bc7\" data-element_type=\"column\">\n\t\t\t<div class=\"elementor-widget-wrap elementor-element-populated\">\n\t\t\t\t\t\t<section class=\"elementor-section elementor-inner-section elementor-element elementor-element-4fb60fdd elementor-section-boxed elementor-section-height-default elementor-section-height-default wpr-particle-no wpr-jarallax-no wpr-parallax-no wpr-sticky-section-no\" data-id=\"4fb60fdd\" data-element_type=\"section\">\n\t\t\t\t\t\t<div class=\"elementor-container elementor-column-gap-default\">\n\t\t\t\t\t<div class=\"elementor-column elementor-col-100 elementor-inner-column elementor-element elementor-element-130e69b4\" data-id=\"130e69b4\" data-element_type=\"column\">\n\t\t\t<div class=\"elementor-widget-wrap elementor-element-populated\">\n\t\t\t\t\t\t<div class=\"elementor-element elementor-element-9fd27f elementor-widget elementor-widget-heading\" data-id=\"9fd27f\" data-element_type=\"widget\" data-widget_type=\"heading.default\">\n\t\t\t\t<div class=\"elementor-widget-container\">\n\t\t\t\t\t<h4 class=\"elementor-heading-title elementor-size-default\">Menu Partners<\/h4>\t\t\t\t<\/div>\n\t\t\t\t<\/div>\n\t\t\t\t\t<\/div>\n\t\t<\/div>\n\t\t\t\t\t<\/div>\n\t\t<\/section>\n\t\t\t\t<div class=\"elementor-element elementor-element-5d7fdce wpr-page-list-vertical wpr-pl-badge-center wpr-pl-icon-center elementor-widget elementor-widget-wpr-page-list\" data-id=\"5d7fdce\" data-element_type=\"widget\" data-widget_type=\"wpr-page-list.default\">\n\t\t\t\t<div class=\"elementor-widget-container\">\n\t\t\t\t\t<div class=\"wpr-page-list-wrap\"><ul class=\"wpr-page-list\"><li class=\"wpr-page-list-item elementor-repeater-item-c6f4b87 wpr-pointer-none wpr-pointer-line-fx wpr-pointer-fx-fade\"><div><a  href=\"https:\/\/hymantovalley.agirenet.it\/en\/partners\/province-of-mantova\/\" rel=\"nofollow\" class=\"wpr-no-pointer wpr-pl-title\">Province of Mantova<\/a><p>Italy<\/p><\/div><\/li><li class=\"wpr-page-list-item elementor-repeater-item-ceeceff wpr-pointer-none wpr-pointer-line-fx wpr-pointer-fx-fade\"><div><a  href=\"https:\/\/hymantovalley.agirenet.it\/en\/partners\/agire-srl\/\" rel=\"nofollow\" class=\"wpr-no-pointer wpr-pl-title\">A.G.I.R.E. Srl<\/a><p>Italy<\/p><\/div><\/li><li class=\"wpr-page-list-item elementor-repeater-item-c40a24e wpr-pointer-none wpr-pointer-line-fx wpr-pointer-fx-fade\"><div><a  href=\"https:\/\/hymantovalley.agirenet.it\/en\/partners\/sapio\/\" rel=\"nofollow\" class=\"wpr-no-pointer wpr-pl-title\">SAPIO<\/a><p>Italy<\/p><\/div><\/li><li class=\"wpr-page-list-item elementor-repeater-item-f63798e wpr-pointer-none wpr-pointer-line-fx wpr-pointer-fx-fade\"><div><a  href=\"https:\/\/hymantovalley.agirenet.it\/en\/partners\/renhive\/\" rel=\"nofollow\" class=\"wpr-no-pointer wpr-pl-title\">RENHIVE<\/a><p>Italy<\/p><\/div><\/li><li class=\"wpr-page-list-item elementor-repeater-item-4664157 wpr-pointer-none wpr-pointer-line-fx wpr-pointer-fx-fade\"><div><a  href=\"https:\/\/hymantovalley.agirenet.it\/en\/partners\/wolftank-group\/\" rel=\"nofollow\" class=\"wpr-no-pointer wpr-pl-title\">Wolftank Group<\/a><p>Austria<\/p><\/div><\/li><li class=\"wpr-page-list-item elementor-repeater-item-c180f86 wpr-pointer-none wpr-pointer-line-fx wpr-pointer-fx-fade\"><div><a  href=\"https:\/\/hymantovalley.agirenet.it\/en\/partners\/vena\/\" rel=\"nofollow\" class=\"wpr-no-pointer wpr-pl-title\">VENA<\/a><p>Italy<\/p><\/div><\/li><li class=\"wpr-page-list-item elementor-repeater-item-3989478 wpr-pointer-none wpr-pointer-line-fx wpr-pointer-fx-fade\"><div><a  href=\"https:\/\/hymantovalley.agirenet.it\/en\/partners\/future-proof-shipping\/\" rel=\"nofollow\" class=\"wpr-no-pointer wpr-pl-title\">Future Proof Shipping<\/a><p>Holland<\/p><\/div><\/li><li class=\"wpr-page-list-item elementor-repeater-item-cf0e9af wpr-pointer-none wpr-pointer-line-fx wpr-pointer-fx-fade\"><div><a  href=\"https:\/\/hymantovalley.agirenet.it\/en\/partners\/ipe-locomotori-2000\/\" rel=\"nofollow\" class=\"wpr-no-pointer wpr-pl-title\">IPE Locomotori 2000<\/a><p>Italy<\/p><\/div><\/li><li class=\"wpr-page-list-item elementor-repeater-item-3041c0d wpr-pointer-none wpr-pointer-line-fx wpr-pointer-fx-fade\"><div><a  href=\"https:\/\/hymantovalley.agirenet.it\/en\/partners\/stress-scarl\/\" rel=\"nofollow\" class=\"wpr-no-pointer wpr-pl-title\">STRESS Scarl<\/a><p>Italy<\/p><\/div><\/li><li class=\"wpr-page-list-item elementor-repeater-item-8044193 wpr-pointer-none wpr-pointer-line-fx wpr-pointer-fx-fade\"><div><a  href=\"https:\/\/hymantovalley.agirenet.it\/en\/partners\/uni-sannio\/\" rel=\"nofollow\" class=\"wpr-no-pointer wpr-pl-title\">Universit\u00e0 del Sannio<\/a><p>Italy<\/p><\/div><\/li><li class=\"wpr-page-list-item elementor-repeater-item-d88bf10 wpr-pointer-none wpr-pointer-line-fx wpr-pointer-fx-fade\"><div><a  href=\"https:\/\/hymantovalley.agirenet.it\/en\/partners\/uni-molise\/\" rel=\"nofollow\" class=\"wpr-no-pointer wpr-pl-title\">Universit\u00e0 del Molise<\/a><p>Italy<\/p><\/div><\/li><li class=\"wpr-page-list-item elementor-repeater-item-66eab59 wpr-pointer-none wpr-pointer-line-fx wpr-pointer-fx-fade\"><div><a  href=\"https:\/\/hymantovalley.agirenet.it\/en\/partners\/uni-modena-reggio-emilia\/\" rel=\"nofollow\" class=\"wpr-no-pointer wpr-pl-title\">Universit\u00e0 di Modena e Reggio Emilia<\/a><p>Italy<\/p><\/div><\/li><li class=\"wpr-page-list-item elementor-repeater-item-1bb0312 wpr-pointer-none wpr-pointer-line-fx wpr-pointer-fx-fade\"><div><a  href=\"https:\/\/hymantovalley.agirenet.it\/en\/partners\/fondazione-bruno-kessler\/\" rel=\"nofollow\" class=\"wpr-no-pointer wpr-pl-title\">Fondazione Bruno Kessler<\/a><p>Italy<\/p><\/div><\/li><li class=\"wpr-page-list-item elementor-repeater-item-b4bafc8 wpr-pointer-none wpr-pointer-line-fx wpr-pointer-fx-fade\"><div><a  href=\"https:\/\/hymantovalley.agirenet.it\/en\/partners\/politecnico-milano\/\" rel=\"nofollow\" class=\"wpr-no-pointer wpr-pl-title\">Politecnico di Milano<\/a><p>Italy<\/p><\/div><\/li><li class=\"wpr-page-list-item elementor-repeater-item-3b51fc6 wpr-pointer-none wpr-pointer-line-fx wpr-pointer-fx-fade\"><div><a  href=\"https:\/\/hymantovalley.agirenet.it\/en\/partners\/cnr\/\" rel=\"nofollow\" class=\"wpr-no-pointer wpr-pl-title\">CNR Consiglio Nazionale Ricerche<\/a><p>Italy<\/p><\/div><\/li><\/ul><\/div>\t\t\t\t<\/div>\n\t\t\t\t<\/div>\n\t\t\t\t\t<\/div>\n\t\t<\/div>\n\t\t\t\t\t<\/div>\n\t\t<\/section>\n\t\t\t\t<\/div>\n\t\t","protected":false},"excerpt":{"rendered":"<p>FAGIOLI SPA Hymantovalley partner \u00a0 Lorem Ipsum is simply dummy text of the printing and typesetting industry. Lorem Ipsum has been the industry&#8217;s standard dummy text ever since the 1500s, when an unknown printer took a galley of type and scrambled it to make a type specimen book. It has survived not only five centuries, but also the leap into electronic typesetting, remaining essentially unchanged. It was popularised in the 1960s with the release of Letraset sheets containing Lorem Ipsum passages, and more recently with desktop publishing software like Aldus PageMaker including versions of Lorem Ipsum. Link web page Menu Partners Province of Mantova Italy A.G.I.R.E. Srl Italy SAPIO Italy RENHIVE Italy Wolftank Group Austria VENA Italy Future Proof Shipping Holland IPE Locomotori 2000 Italy STRESS Scarl Italy Universit\u00e0 del Sannio Italy Universit\u00e0 del Molise Italy Universit\u00e0 di Modena e Reggio Emilia Italy Fondazione Bruno Kessler Italy Politecnico di Milano Italy CNR Consiglio Nazionale Ricerche Italy<\/p>\n","protected":false},"author":1,"featured_media":0,"parent":118,"menu_order":24,"comment_status":"closed","ping_status":"closed","template":"","meta":{"site-sidebar-layout":"no-sidebar","site-content-layout":"","ast-site-content-layout":"normal-width-container","site-content-style":"default","site-sidebar-style":"default","ast-global-header-display":"","ast-banner-title-visibility":"","ast-main-header-display":"","ast-hfb-above-header-display":"","ast-hfb-below-header-display":"","ast-hfb-mobile-header-display":"","site-post-title":"disabled","ast-breadcrumbs-content":"","ast-featured-img":"disabled","footer-sml-layout":"","theme-transparent-header-meta":"","adv-header-id-meta":"","stick-header-meta":"","header-above-stick-meta":"","header-main-stick-meta":"","header-below-stick-meta":"","astra-migrate-meta-layouts":"default","ast-page-background-enabled":"default","ast-page-background-meta":{"desktop":{"background-color":"var(--ast-global-color-4)","background-image":"","background-repeat":"repeat","background-position":"center center","background-size":"auto","background-attachment":"scroll","background-type":"","background-media":"","overlay-type":"","overlay-color":"","overlay-opacity":"","overlay-gradient":""},"tablet":{"background-color":"","background-image":"","background-repeat":"repeat","background-position":"center center","background-size":"auto","background-attachment":"scroll","background-type":"","background-media":"","overlay-type":"","overlay-color":"","overlay-opacity":"","overlay-gradient":""},"mobile":{"background-color":"","background-image":"","background-repeat":"repeat","background-position":"center center","background-size":"auto","background-attachment":"scroll","background-type":"","background-media":"","overlay-type":"","overlay-color":"","overlay-opacity":"","overlay-gradient":""}},"ast-content-background-meta":{"desktop":{"background-color":"var(--ast-global-color-5)","background-image":"","background-repeat":"repeat","background-position":"center center","background-size":"auto","background-attachment":"scroll","background-type":"","background-media":"","overlay-type":"","overlay-color":"","overlay-opacity":"","overlay-gradient":""},"tablet":{"background-color":"var(--ast-global-color-5)","background-image":"","background-repeat":"repeat","background-position":"center center","background-size":"auto","background-attachment":"scroll","background-type":"","background-media":"","overlay-type":"","overlay-color":"","overlay-opacity":"","overlay-gradient":""},"mobile":{"background-color":"var(--ast-global-color-5)","background-image":"","background-repeat":"repeat","background-position":"center center","background-size":"auto","background-attachment":"scroll","background-type":"","background-media":"","overlay-type":"","overlay-color":"","overlay-opacity":"","overlay-gradient":""}},"footnotes":""},"class_list":["post-2622","page","type-page","status-publish","hentry"],"_links":{"self":[{"href":"https:\/\/hymantovalley.agirenet.it\/en\/wp-json\/wp\/v2\/pages\/2622","targetHints":{"allow":["GET"]}}],"collection":[{"href":"https:\/\/hymantovalley.agirenet.it\/en\/wp-json\/wp\/v2\/pages"}],"about":[{"href":"https:\/\/hymantovalley.agirenet.it\/en\/wp-json\/wp\/v2\/types\/page"}],"author":[{"embeddable":true,"href":"https:\/\/hymantovalley.agirenet.it\/en\/wp-json\/wp\/v2\/users\/1"}],"replies":[{"embeddable":true,"href":"https:\/\/hymantovalley.agirenet.it\/en\/wp-json\/wp\/v2\/comments?post=2622"}],"version-history":[{"count":4,"href":"https:\/\/hymantovalley.agirenet.it\/en\/wp-json\/wp\/v2\/pages\/2622\/revisions"}],"predecessor-version":[{"id":2629,"href":"https:\/\/hymantovalley.agirenet.it\/en\/wp-json\/wp\/v2\/pages\/2622\/revisions\/2629"}],"up":[{"embeddable":true,"href":"https:\/\/hymantovalley.agirenet.it\/en\/wp-json\/wp\/v2\/pages\/118"}],"wp:attachment":[{"href":"https:\/\/hymantovalley.agirenet.it\/en\/wp-json\/wp\/v2\/media?parent=2622"}],"curies":[{"name":"wp","href":"https:\/\/api.w.org\/{rel}","templated":true}]}}