{"id":1000,"date":"2024-02-11T22:44:21","date_gmt":"2024-02-11T21:44:21","guid":{"rendered":"https:\/\/hymantovalley.agirenet.it\/it\/?page_id=1000"},"modified":"2026-04-08T20:50:00","modified_gmt":"2026-04-08T18:50:00","slug":"vena","status":"publish","type":"page","link":"https:\/\/hymantovalley.agirenet.it\/it\/partners\/vena\/","title":{"rendered":"VENA"},"content":{"rendered":"\t\t<div data-elementor-type=\"wp-page\" data-elementor-id=\"1000\" class=\"elementor elementor-1000\">\n\t\t\t\t\t\t<section class=\"elementor-section elementor-top-section elementor-element elementor-element-2ff03991 elementor-section-boxed elementor-section-height-default elementor-section-height-default wpr-particle-no wpr-jarallax-no wpr-parallax-no wpr-sticky-section-no\" data-id=\"2ff03991\" data-element_type=\"section\" data-e-type=\"section\">\n\t\t\t\t\t\t<div class=\"elementor-container elementor-column-gap-default\">\n\t\t\t\t\t<div class=\"elementor-column elementor-col-50 elementor-top-column elementor-element elementor-element-121e4465\" data-id=\"121e4465\" data-element_type=\"column\" data-e-type=\"column\">\n\t\t\t<div class=\"elementor-widget-wrap elementor-element-populated\">\n\t\t\t\t\t\t<div class=\"elementor-element elementor-element-a8d38aa wpr-advanced-text-style-highlighted wpr-animated-text-infinite-yes elementor-widget elementor-widget-wpr-advanced-text\" data-id=\"a8d38aa\" data-element_type=\"widget\" data-e-type=\"widget\" data-settings=\"{&quot;anim_loop&quot;:&quot;yes&quot;}\" data-widget_type=\"wpr-advanced-text.default\">\n\t\t\t\t<div class=\"elementor-widget-container\">\n\t\t\t\t\t\n\t\t<h3 class=\"wpr-advanced-text\">\n\n\t\t\t\t\t\n\t\t\t\t\t\t\t<span class=\"wpr-advanced-text-preffix\">VE.NA SRL<\/span>\n\t\t\t\n\t\t<span class=\"wpr-highlighted-text\">\n\t\t\t\t\t\n\t\t\t<span class=\"wpr-highlighted-text-inner\">Hymantovalley<\/span>\n\n\t\t\t<svg xmlns=\"http:\/\/www.w3.org\/2000\/svg\" viewBox=\"0 0 500 150\" class=\"wpr-highlight-underline-zigzag\" preserveAspectRatio=\"none\">\n\t\t\t\t\t\t\t\t<path d=\"M9.3,127.3c49.3-3,150.7-7.6,199.7-7.4c121.9,0.4,189.9,0.4,282.3,7.2C380.1,129.6,181.2,130.6,70,139 c82.6-2.9,254.2-1,335.9,1.3c-56,1.4-137.2-0.3-197.1,9\"><\/path>\n\t\t\t\t\t\t\t<\/svg>\n\t\t\t\t\t<\/span>\n\t\t\t\t\t\t<span class=\"wpr-advanced-text-suffix\">partner<\/span>\n\t\t\t\t\t\n\t\t<\/h3>\n\t\t\n\t\t\t\t\t\t<\/div>\n\t\t\t\t<\/div>\n\t\t\t\t<section class=\"elementor-section elementor-inner-section elementor-element elementor-element-e9d7543 elementor-section-boxed elementor-section-height-default elementor-section-height-default wpr-particle-no wpr-jarallax-no wpr-parallax-no wpr-sticky-section-no\" data-id=\"e9d7543\" data-element_type=\"section\" data-e-type=\"section\">\n\t\t\t\t\t\t<div class=\"elementor-container elementor-column-gap-default\">\n\t\t\t\t\t<div class=\"elementor-column elementor-col-100 elementor-inner-column elementor-element elementor-element-32c99926\" data-id=\"32c99926\" data-element_type=\"column\" data-e-type=\"column\">\n\t\t\t<div class=\"elementor-widget-wrap elementor-element-populated\">\n\t\t\t\t\t\t<div class=\"elementor-element elementor-element-79ae5798 elementor-widget elementor-widget-text-editor\" data-id=\"79ae5798\" data-element_type=\"widget\" data-e-type=\"widget\" data-widget_type=\"text-editor.default\">\n\t\t\t\t<div class=\"elementor-widget-container\">\n\t\t\t\t\t\t\t\t\t<p><img decoding=\"async\" class=\"alignleft wp-image-2804 size-thumbnail\" src=\"https:\/\/hymantovalley.agirenet.it\/it\/wp-content\/uploads\/sites\/3\/2026\/03\/VeNa-150x150.png\" alt=\"\" width=\"150\" height=\"150\" srcset=\"https:\/\/hymantovalley.agirenet.it\/it\/wp-content\/uploads\/sites\/3\/2026\/03\/VeNa-150x150.png 150w, https:\/\/hymantovalley.agirenet.it\/it\/wp-content\/uploads\/sites\/3\/2026\/03\/VeNa-300x300.png 300w, https:\/\/hymantovalley.agirenet.it\/it\/wp-content\/uploads\/sites\/3\/2026\/03\/VeNa.png 500w\" sizes=\"(max-width: 150px) 100vw, 150px\" \/><\/p><p>VENA \u00e8 un operatore marittimo consolidato, attivo sia nel Mar Mediterraneo che nella navigazione interna. Attraverso una flotta di rimorchiatori d\u2019altura, spintori e chiatte operanti lungo le vie navigabili che collegano l\u2019Adriatico a Mantova, l\u2019azienda fornisce servizi di trasporto specializzati ed eccezionali. In un settore notoriamente difficile da decarbonizzare, VENA rappresenta un partner logistico strategico nello sviluppo di tecnologie per il trasporto marittimo e fluviale a basse e zero emissioni.<\/p><p>Nell\u2019ambito del progetto HMV, VENA intraprender\u00e0 un percorso di decarbonizzazione della propria flotta. In collaborazione con FPS, sar\u00e0 condotto uno studio sull\u2019ibridazione dello spintore \u201cTanzania II\u201d. L\u2019obiettivo dell\u2019intervento di ammodernamento \u00e8 consentire all\u2019unit\u00e0 di spingere un convoglio lungo la tratta Venezia\u2013Mantova (150 km) a zero emissioni mediante l\u2019impiego dell\u2019idrogeno. Le soluzioni progettuali proposte mirano a integrare celle a combustibile con motori elettrici collegati agli assi esistenti, dimostrando la fattibilit\u00e0 tecnica della navigazione fluviale a zero emissioni e valutandone la sostenibilit\u00e0 economica.<\/p><ul><li><a href=\"#\" target=\"_blank\" rel=\"noopener\"><strong>Link pagina web<\/strong><\/a><\/li><\/ul>\t\t\t\t\t\t\t\t<\/div>\n\t\t\t\t<\/div>\n\t\t\t\t\t<\/div>\n\t\t<\/div>\n\t\t\t\t\t<\/div>\n\t\t<\/section>\n\t\t\t\t\t<\/div>\n\t\t<\/div>\n\t\t\t\t<div class=\"elementor-column elementor-col-50 elementor-top-column elementor-element elementor-element-ca92dc\" data-id=\"ca92dc\" data-element_type=\"column\" data-e-type=\"column\">\n\t\t\t<div class=\"elementor-widget-wrap elementor-element-populated\">\n\t\t\t\t\t\t<section class=\"elementor-section elementor-inner-section elementor-element elementor-element-bbf5c69 elementor-section-boxed elementor-section-height-default elementor-section-height-default wpr-particle-no wpr-jarallax-no wpr-parallax-no wpr-sticky-section-no\" data-id=\"bbf5c69\" data-element_type=\"section\" data-e-type=\"section\">\n\t\t\t\t\t\t<div class=\"elementor-container elementor-column-gap-default\">\n\t\t\t\t\t<div class=\"elementor-column elementor-col-100 elementor-inner-column elementor-element elementor-element-95b38ea\" data-id=\"95b38ea\" data-element_type=\"column\" data-e-type=\"column\">\n\t\t\t<div class=\"elementor-widget-wrap elementor-element-populated\">\n\t\t\t\t\t\t<div class=\"elementor-element elementor-element-561498a elementor-widget elementor-widget-heading\" data-id=\"561498a\" data-element_type=\"widget\" data-e-type=\"widget\" data-widget_type=\"heading.default\">\n\t\t\t\t<div class=\"elementor-widget-container\">\n\t\t\t\t\t<h4 class=\"elementor-heading-title elementor-size-default\">Menu Partners<\/h4>\t\t\t\t<\/div>\n\t\t\t\t<\/div>\n\t\t\t\t\t<\/div>\n\t\t<\/div>\n\t\t\t\t\t<\/div>\n\t\t<\/section>\n\t\t\t\t<div class=\"elementor-element elementor-element-fa937ff elementor-hidden-tablet elementor-hidden-mobile wpr-page-list-vertical wpr-pl-badge-center wpr-pl-icon-center elementor-widget elementor-widget-wpr-page-list\" data-id=\"fa937ff\" data-element_type=\"widget\" data-e-type=\"widget\" data-widget_type=\"wpr-page-list.default\">\n\t\t\t\t<div class=\"elementor-widget-container\">\n\t\t\t\t\t<div class=\"wpr-page-list-wrap\"><ul class=\"wpr-page-list\"><li class=\"wpr-page-list-item elementor-repeater-item-c6f4b87 wpr-pointer-none wpr-pointer-line-fx wpr-pointer-fx-fade\"><div><a  href=\"https:\/\/hymantovalley.agirenet.it\/it\/partners\/provincia-di-mantova\/\" rel=\"nofollow\" class=\"wpr-no-pointer wpr-pl-title\">Provincia di Mantova<\/a><p>Italia<\/p><\/div><\/li><li class=\"wpr-page-list-item elementor-repeater-item-98988ef wpr-pointer-none wpr-pointer-line-fx wpr-pointer-fx-fade\"><div><a  href=\"https:\/\/hymantovalley.agirenet.it\/it\/partners\/agire-srl\/\" rel=\"nofollow\" class=\"wpr-no-pointer wpr-pl-title\">A.G.I.R.E. Srl<\/a><p>Italia<\/p><\/div><\/li><li class=\"wpr-page-list-item elementor-repeater-item-ceeceff wpr-pointer-none wpr-pointer-line-fx wpr-pointer-fx-fade\"><div><a  href=\"https:\/\/hymantovalley.agirenet.it\/it\/partners\/sapio\/\" rel=\"nofollow\" class=\"wpr-no-pointer wpr-pl-title\">SAPIO<\/a><p>Italia<\/p><\/div><\/li><li class=\"wpr-page-list-item elementor-repeater-item-c40a24e wpr-pointer-none wpr-pointer-line-fx wpr-pointer-fx-fade\"><div><a  href=\"https:\/\/hymantovalley.agirenet.it\/it\/partners\/renhive\/\" rel=\"nofollow\" class=\"wpr-no-pointer wpr-pl-title\">RENHIVE<\/a><p>Italia<\/p><\/div><\/li><li class=\"wpr-page-list-item elementor-repeater-item-f63798e wpr-pointer-none wpr-pointer-line-fx wpr-pointer-fx-fade\"><div><a  href=\"https:\/\/hymantovalley.agirenet.it\/it\/partners\/wolftank-group\/\" rel=\"nofollow\" class=\"wpr-no-pointer wpr-pl-title\">Wolftank Group<\/a><p>Austria<\/p><\/div><\/li><li class=\"wpr-page-list-item elementor-repeater-item-4664157 wpr-pointer-none wpr-pointer-line-fx wpr-pointer-fx-fade\"><div><a  href=\"#\" rel=\"nofollow\" class=\"wpr-no-pointer wpr-pl-title\">VENA<\/a><p>Italia<\/p><\/div><\/li><li class=\"wpr-page-list-item elementor-repeater-item-c180f86 wpr-pointer-none wpr-pointer-line-fx wpr-pointer-fx-fade\"><div><a  href=\"https:\/\/hymantovalley.agirenet.it\/it\/partners\/future-proof-shipping\/\" rel=\"nofollow\" class=\"wpr-no-pointer wpr-pl-title\">Future Proof Shipping<\/a><p>Olanda<\/p><\/div><\/li><li class=\"wpr-page-list-item elementor-repeater-item-3989478 wpr-pointer-none wpr-pointer-line-fx wpr-pointer-fx-fade\"><div><a  href=\"https:\/\/hymantovalley.agirenet.it\/it\/partners\/ipe-locomotori-2000\/\" rel=\"nofollow\" class=\"wpr-no-pointer wpr-pl-title\">IPE Locomotori 2000<\/a><p>Italia<\/p><\/div><\/li><li class=\"wpr-page-list-item elementor-repeater-item-cf0e9af wpr-pointer-none wpr-pointer-line-fx wpr-pointer-fx-fade\"><div><a  href=\"https:\/\/hymantovalley.agirenet.it\/it\/partners\/stress-scarl\/\" rel=\"nofollow\" class=\"wpr-no-pointer wpr-pl-title\">STRESS Scarl<\/a><p>Italia<\/p><\/div><\/li><li class=\"wpr-page-list-item elementor-repeater-item-3041c0d wpr-pointer-none wpr-pointer-line-fx wpr-pointer-fx-fade\"><div><a  href=\"https:\/\/hymantovalley.agirenet.it\/it\/partners\/uni-sannio\/\" rel=\"nofollow\" class=\"wpr-no-pointer wpr-pl-title\">Universit\u00e0 del Sannio<\/a><p>Italia<\/p><\/div><\/li><li class=\"wpr-page-list-item elementor-repeater-item-8044193 wpr-pointer-none wpr-pointer-line-fx wpr-pointer-fx-fade\"><div><a  href=\"https:\/\/hymantovalley.agirenet.it\/it\/partners\/uni-molise\/\" rel=\"nofollow\" class=\"wpr-no-pointer wpr-pl-title\">Universit\u00e0 del Molise<\/a><p>Italia<\/p><\/div><\/li><li class=\"wpr-page-list-item elementor-repeater-item-d88bf10 wpr-pointer-none wpr-pointer-line-fx wpr-pointer-fx-fade\"><div><a  href=\"https:\/\/hymantovalley.agirenet.it\/it\/partners\/uni-modena-reggio-emilia\/\" rel=\"nofollow\" class=\"wpr-no-pointer wpr-pl-title\">Universit\u00e0 di Modena e Reggio Emilia<\/a><p>Italia<\/p><\/div><\/li><li class=\"wpr-page-list-item elementor-repeater-item-66eab59 wpr-pointer-none wpr-pointer-line-fx wpr-pointer-fx-fade\"><div><a  href=\"https:\/\/hymantovalley.agirenet.it\/it\/partners\/fondazione-bruno-kessler\/\" rel=\"nofollow\" class=\"wpr-no-pointer wpr-pl-title\">Fondazione Bruno Kessler<\/a><p>Italia<\/p><\/div><\/li><li class=\"wpr-page-list-item elementor-repeater-item-1bb0312 wpr-pointer-none wpr-pointer-line-fx wpr-pointer-fx-fade\"><div><a  href=\"https:\/\/hymantovalley.agirenet.it\/it\/partners\/politecnico-milano\/\" rel=\"nofollow\" class=\"wpr-no-pointer wpr-pl-title\">Politecnico di Milano<\/a><p>Italia<\/p><\/div><\/li><li class=\"wpr-page-list-item elementor-repeater-item-b4bafc8 wpr-pointer-none wpr-pointer-line-fx wpr-pointer-fx-fade\"><div><a  href=\"https:\/\/hymantovalley.agirenet.it\/it\/partners\/cnr\/\" rel=\"nofollow\" class=\"wpr-no-pointer wpr-pl-title\">CNR Consiglio Nazionale Ricerche<\/a><p>Italia<\/p><\/div><\/li><li class=\"wpr-page-list-item elementor-repeater-item-3b51fc6 wpr-pointer-none wpr-pointer-line-fx wpr-pointer-fx-fade\"><div><a  href=\"https:\/\/hymantovalley.agirenet.it\/it\/partners\/efip\/\" rel=\"nofollow\" class=\"wpr-no-pointer wpr-pl-title\">EFIP<\/a><p>Belgio<\/p><\/div><\/li><li class=\"wpr-page-list-item elementor-repeater-item-7998eae wpr-pointer-none wpr-pointer-line-fx wpr-pointer-fx-fade\"><div><a  href=\"https:\/\/hymantovalley.agirenet.it\/it\/partners\/sei-mantova\/\" rel=\"nofollow\" class=\"wpr-no-pointer wpr-pl-title\">S.E.I. Mantova<\/a><p>Italia<\/p><\/div><\/li><li class=\"wpr-page-list-item elementor-repeater-item-b67d785 wpr-pointer-none wpr-pointer-line-fx wpr-pointer-fx-fade\"><div><a  href=\"https:\/\/hymantovalley.agirenet.it\/it\/partners\/nutritech-srl\/\" rel=\"nofollow\" class=\"wpr-no-pointer wpr-pl-title\">Nutritech Srl<\/a><p>Italia<\/p><\/div><\/li><li class=\"wpr-page-list-item elementor-repeater-item-bcf52b0 wpr-pointer-none wpr-pointer-line-fx wpr-pointer-fx-fade\"><div><a  href=\"https:\/\/hymantovalley.agirenet.it\/it\/partners\/faber-industrie-spa\/\" rel=\"nofollow\" class=\"wpr-no-pointer wpr-pl-title\">Faber Industrie Spa<\/a><p>Italia<\/p><\/div><\/li><li class=\"wpr-page-list-item elementor-repeater-item-87dac4f wpr-pointer-none wpr-pointer-line-fx wpr-pointer-fx-fade\"><div><a  href=\"https:\/\/hymantovalley.agirenet.it\/it\/partners\/dmt\/\" rel=\"nofollow\" class=\"wpr-no-pointer wpr-pl-title\">DMT<\/a><p>Italia<\/p><\/div><\/li><li class=\"wpr-page-list-item elementor-repeater-item-9f2b5a5 wpr-pointer-none wpr-pointer-line-fx wpr-pointer-fx-fade\"><div><a  href=\"https:\/\/hymantovalley.agirenet.it\/it\/partners\/fagioli-spa\/\" rel=\"nofollow\" class=\"wpr-no-pointer wpr-pl-title\">Fagioli Spa<\/a><p>Italia<\/p><\/div><\/li><li class=\"wpr-page-list-item elementor-repeater-item-9af006f wpr-pointer-none wpr-pointer-line-fx wpr-pointer-fx-fade\"><div><a  href=\"https:\/\/hymantovalley.agirenet.it\/it\/partners\/ties\/\" rel=\"nofollow\" class=\"wpr-no-pointer wpr-pl-title\">TI-ES<\/a><p>Italia<\/p><\/div><\/li><\/ul><\/div>\t\t\t\t<\/div>\n\t\t\t\t<\/div>\n\t\t\t\t\t<\/div>\n\t\t<\/div>\n\t\t\t\t\t<\/div>\n\t\t<\/section>\n\t\t\t\t<\/div>\n\t\t","protected":false},"excerpt":{"rendered":"<p>VE.NA SRL Hymantovalley partner VENA \u00e8 un operatore marittimo consolidato, attivo sia nel Mar Mediterraneo che nella navigazione interna. Attraverso una flotta di rimorchiatori d\u2019altura, spintori e chiatte operanti lungo le vie navigabili che collegano l\u2019Adriatico a Mantova, l\u2019azienda fornisce servizi di trasporto specializzati ed eccezionali. In un settore notoriamente difficile da decarbonizzare, VENA rappresenta un partner logistico strategico nello sviluppo di tecnologie per il trasporto marittimo e fluviale a basse e zero emissioni. Nell\u2019ambito del progetto HMV, VENA intraprender\u00e0 un percorso di decarbonizzazione della propria flotta. In collaborazione con FPS, sar\u00e0 condotto uno studio sull\u2019ibridazione dello spintore \u201cTanzania II\u201d. L\u2019obiettivo dell\u2019intervento di ammodernamento \u00e8 consentire all\u2019unit\u00e0 di spingere un convoglio lungo la tratta Venezia\u2013Mantova (150 km) a zero emissioni mediante l\u2019impiego dell\u2019idrogeno. Le soluzioni progettuali proposte mirano a integrare celle a combustibile con motori elettrici collegati agli assi esistenti, dimostrando la fattibilit\u00e0 tecnica della navigazione fluviale a zero emissioni e valutandone la sostenibilit\u00e0 economica. Link pagina web Menu Partners Provincia di Mantova Italia A.G.I.R.E. Srl Italia SAPIO Italia RENHIVE Italia Wolftank Group Austria VENA Italia Future Proof Shipping Olanda IPE Locomotori 2000 Italia STRESS Scarl Italia Universit\u00e0 del Sannio Italia Universit\u00e0 del Molise Italia Universit\u00e0 di Modena e Reggio Emilia Italia Fondazione Bruno Kessler Italia Politecnico di Milano Italia CNR Consiglio Nazionale Ricerche Italia EFIP Belgio S.E.I. Mantova Italia Nutritech Srl Italia Faber Industrie Spa Italia DMT Italia Fagioli Spa Italia TI-ES Italia<\/p>\n","protected":false},"author":1,"featured_media":0,"parent":238,"menu_order":9,"comment_status":"closed","ping_status":"closed","template":"","meta":{"site-sidebar-layout":"no-sidebar","site-content-layout":"","ast-site-content-layout":"normal-width-container","site-content-style":"default","site-sidebar-style":"default","ast-global-header-display":"","ast-banner-title-visibility":"","ast-main-header-display":"","ast-hfb-above-header-display":"","ast-hfb-below-header-display":"","ast-hfb-mobile-header-display":"","site-post-title":"disabled","ast-breadcrumbs-content":"","ast-featured-img":"","footer-sml-layout":"","ast-disable-related-posts":"","theme-transparent-header-meta":"","adv-header-id-meta":"","stick-header-meta":"","header-above-stick-meta":"","header-main-stick-meta":"","header-below-stick-meta":"","astra-migrate-meta-layouts":"default","ast-page-background-enabled":"default","ast-page-background-meta":{"desktop":{"background-color":"var(--ast-global-color-4)","background-image":"","background-repeat":"repeat","background-position":"center center","background-size":"auto","background-attachment":"scroll","background-type":"","background-media":"","overlay-type":"","overlay-color":"","overlay-opacity":"","overlay-gradient":""},"tablet":{"background-color":"","background-image":"","background-repeat":"repeat","background-position":"center center","background-size":"auto","background-attachment":"scroll","background-type":"","background-media":"","overlay-type":"","overlay-color":"","overlay-opacity":"","overlay-gradient":""},"mobile":{"background-color":"","background-image":"","background-repeat":"repeat","background-position":"center center","background-size":"auto","background-attachment":"scroll","background-type":"","background-media":"","overlay-type":"","overlay-color":"","overlay-opacity":"","overlay-gradient":""}},"ast-content-background-meta":{"desktop":{"background-color":"var(--ast-global-color-5)","background-image":"","background-repeat":"repeat","background-position":"center center","background-size":"auto","background-attachment":"scroll","background-type":"","background-media":"","overlay-type":"","overlay-color":"","overlay-opacity":"","overlay-gradient":""},"tablet":{"background-color":"var(--ast-global-color-5)","background-image":"","background-repeat":"repeat","background-position":"center center","background-size":"auto","background-attachment":"scroll","background-type":"","background-media":"","overlay-type":"","overlay-color":"","overlay-opacity":"","overlay-gradient":""},"mobile":{"background-color":"var(--ast-global-color-5)","background-image":"","background-repeat":"repeat","background-position":"center center","background-size":"auto","background-attachment":"scroll","background-type":"","background-media":"","overlay-type":"","overlay-color":"","overlay-opacity":"","overlay-gradient":""}},"footnotes":""},"class_list":["post-1000","page","type-page","status-publish","hentry"],"_links":{"self":[{"href":"https:\/\/hymantovalley.agirenet.it\/it\/wp-json\/wp\/v2\/pages\/1000","targetHints":{"allow":["GET"]}}],"collection":[{"href":"https:\/\/hymantovalley.agirenet.it\/it\/wp-json\/wp\/v2\/pages"}],"about":[{"href":"https:\/\/hymantovalley.agirenet.it\/it\/wp-json\/wp\/v2\/types\/page"}],"author":[{"embeddable":true,"href":"https:\/\/hymantovalley.agirenet.it\/it\/wp-json\/wp\/v2\/users\/1"}],"replies":[{"embeddable":true,"href":"https:\/\/hymantovalley.agirenet.it\/it\/wp-json\/wp\/v2\/comments?post=1000"}],"version-history":[{"count":42,"href":"https:\/\/hymantovalley.agirenet.it\/it\/wp-json\/wp\/v2\/pages\/1000\/revisions"}],"predecessor-version":[{"id":3511,"href":"https:\/\/hymantovalley.agirenet.it\/it\/wp-json\/wp\/v2\/pages\/1000\/revisions\/3511"}],"up":[{"embeddable":true,"href":"https:\/\/hymantovalley.agirenet.it\/it\/wp-json\/wp\/v2\/pages\/238"}],"wp:attachment":[{"href":"https:\/\/hymantovalley.agirenet.it\/it\/wp-json\/wp\/v2\/media?parent=1000"}],"curies":[{"name":"wp","href":"https:\/\/api.w.org\/{rel}","templated":true}]}}