{"id":15,"date":"2024-02-09T18:29:25","date_gmt":"2024-02-09T17:29:25","guid":{"rendered":"https:\/\/hymantovalley.agirenet.it\/it\/?page_id=15"},"modified":"2026-03-26T16:31:39","modified_gmt":"2026-03-26T15:31:39","slug":"home","status":"publish","type":"page","link":"https:\/\/hymantovalley.agirenet.it\/it\/","title":{"rendered":"Home"},"content":{"rendered":"\t\t<div data-elementor-type=\"wp-page\" data-elementor-id=\"15\" class=\"elementor elementor-15\">\n\t\t\t\t<div class=\"elementor-element elementor-element-691763f1 elementor-hidden-mobile e-flex e-con-boxed wpr-particle-no wpr-jarallax-no wpr-parallax-no wpr-sticky-section-no e-con e-parent\" data-id=\"691763f1\" data-element_type=\"container\" data-e-type=\"container\">\n\t\t\t\t\t<div class=\"e-con-inner\">\n\t\t\t\t<div class=\"elementor-element elementor-element-202c3919 wpr-ticker-heading-icon-position-left wpr-ticker-slider-columns-1 elementor-widget__width-inherit wpr-ticker-heading-position-left wpr-ticker-heading-triangle-top wpr-ticker-slider-columns--tablet3 wpr-ticker-slider-columns--mobile1 wpr-ticker-slides-to-scroll-1 wpr-ticker-arrow-style-horizontal wpr-ticker-arrow-position-right wpr-ticker-effect-hr-slide wpr-ticker-gradient-type-right elementor-widget elementor-widget-wpr-content-ticker\" data-id=\"202c3919\" data-element_type=\"widget\" data-e-type=\"widget\" data-settings=\"{&quot;slider_amount&quot;:1,&quot;slider_amount_tablet&quot;:3,&quot;slider_amount_mobile&quot;:1,&quot;slides_to_scroll&quot;:1,&quot;slider_autoplay&quot;:&quot;yes&quot;,&quot;slider_autoplay_duration&quot;:3,&quot;slider_loop&quot;:&quot;yes&quot;}\" data-widget_type=\"wpr-content-ticker.default\">\n\t\t\t\t<div class=\"elementor-widget-container\">\n\t\t\t\t\t\n\t\t<!-- Content Ticker Slider -->\n\t\t<div class=\"wpr-content-ticker\">\n\n\t\t\t\n\t\t<a class=\"wpr-ticker-heading\" href=\"https:\/\/hymantovalley.agirenet.it\/it\/novita-ed-eventi\/\" nofollow=\"\">\n\t\t\t<span class=\"wpr-ticker-heading-text\">Novit\u00e0 ed Eventi<\/span>\n\t\t\t<span class=\"wpr-ticker-heading-icon\">\n\t\t\t\t\t\n\t\t\t\t<svg class=\"e-font-icon-svg e-far-star\" viewBox=\"0 0 576 512\" xmlns=\"http:\/\/www.w3.org\/2000\/svg\"><path d=\"M528.1 171.5L382 150.2 316.7 17.8c-11.7-23.6-45.6-23.9-57.4 0L194 150.2 47.9 171.5c-26.2 3.8-36.7 36.1-17.7 54.6l105.7 103-25 145.5c-4.5 26.3 23.2 46 46.4 33.7L288 439.6l130.7 68.7c23.2 12.2 50.9-7.4 46.4-33.7l-25-145.5 105.7-103c19-18.5 8.5-50.8-17.7-54.6zM388.6 312.3l23.7 138.4L288 385.4l-124.3 65.3 23.7-138.4-100.6-98 139-20.2 62.2-126 62.2 126 139 20.2-100.6 98z\"><\/path><\/svg>\t\t\t\t\t\t\t<\/span>\n\t\t<\/a>\n\n\t\t\n\t\t\t<div class=\"wpr-content-ticker-inner\">\n\t\t\t\t\n\t\t\t\t\n\t\t<div class=\"wpr-ticker-slider wpr-ticker-gradient\" dir=\"ltr\" data-slick=\"{&quot;rtl&quot;:false,&quot;infinite&quot;:true,&quot;speed&quot;:2000,&quot;autoplay&quot;:true,&quot;autoplaySpeed&quot;:3000,&quot;pauseOnHover&quot;:&quot;yes&quot;,&quot;arrows&quot;:true,&quot;prevArrow&quot;:&quot;&lt;div class=\\&quot;wpr-ticker-prev-arrow wpr-ticker-arrow\\&quot;&gt;&lt;i class=\\&quot;fas fa-angle-left\\&quot;&gt;&lt;\\\/i&gt;&lt;\\\/div&gt;&quot;,&quot;nextArrow&quot;:&quot;&lt;div class=\\&quot;wpr-ticker-next-arrow wpr-ticker-arrow\\&quot;&gt;&lt;i class=\\&quot;fas fa-angle-left\\&quot;&gt;&lt;\\\/i&gt;&lt;\\\/div&gt;&quot;}\" data-slide-effect=\"hr-slide\">\t\n\t\t\t\n\t\t\t<div class=\"wpr-ticker-item\">\n\n\t\t\t\t\n\t\t\t\t\t\t\t\t\t<div class=\"wpr-ticker-image\">\n\t\t\t\t\t\t\n\t\t\t\t\t\t<a  href=\"https:\/\/hymantovalley.agirenet.it\/it\/2025\/10\/01\/evento-finale-greenmo-e-seminario-interregionale-per-lo-sviluppo-delle-capacita\/\"><img decoding=\"async\" src=\"https:\/\/hymantovalley.agirenet.it\/it\/wp-content\/uploads\/sites\/3\/2025\/10\/u4-Immagine-2025-10-01-110445-1.jpg\" alt=\"Evento finale GREENMO e seminario interregionale per lo sviluppo delle capacit\u00e0\"><\/a>\n\t\t\t\t\t<\/div>\n\t\t\t\t\n\t\t\t\t<h3 class=\"wpr-ticker-title\">\n\t\t\t\t\t<div class=\"wpr-ticker-title-inner\">\n\t\t\t\t\t<a href=\"https:\/\/hymantovalley.agirenet.it\/it\/2025\/10\/01\/evento-finale-greenmo-e-seminario-interregionale-per-lo-sviluppo-delle-capacita\/\">Evento finale GREENMO e seminario interregionale per lo sviluppo delle capacit\u00e0<\/a>\t\t\t\t\t<\/div>\n\t\t\t\t<\/h3>\n\n\t\t\t<\/div>\n\n\t\t\n\t\t\t<div class=\"wpr-ticker-item\">\n\n\t\t\t\t\n\t\t\t\t\t\t\t\t\t<div class=\"wpr-ticker-image\">\n\t\t\t\t\t\t\n\t\t\t\t\t\t<a  href=\"https:\/\/hymantovalley.agirenet.it\/it\/2024\/10\/01\/lidrogeno-del-futuro-e-gia-nel-presente-mantovano\/\"><img decoding=\"async\" src=\"https:\/\/hymantovalley.agirenet.it\/it\/wp-content\/uploads\/sites\/3\/2024\/10\/Banner-12-10-2024.jpg\" alt=\"L\u2019idrogeno del futuro \u00e8 gi\u00e0 nel presente mantovano &#8211; Castiglione D\/S 12 ottobre 2024\"><\/a>\n\t\t\t\t\t<\/div>\n\t\t\t\t\n\t\t\t\t<h3 class=\"wpr-ticker-title\">\n\t\t\t\t\t<div class=\"wpr-ticker-title-inner\">\n\t\t\t\t\t<a href=\"https:\/\/hymantovalley.agirenet.it\/it\/2024\/10\/01\/lidrogeno-del-futuro-e-gia-nel-presente-mantovano\/\">L\u2019idrogeno del futuro \u00e8 gi\u00e0 nel presente mantovano &#8211; Castiglione D\/S 12 ottobre 2024<\/a>\t\t\t\t\t<\/div>\n\t\t\t\t<\/h3>\n\n\t\t\t<\/div>\n\n\t\t\t\t<\/div>\n\n\t\t<div class=\"wpr-ticker-slider-controls\"><\/div>\n\n\t\t\t\t\t\t\n\t\t\t<\/div>\n\n\t\t<\/div>\n\n\t\t\t\t\t\t<\/div>\n\t\t\t\t<\/div>\n\t\t\t\t\t<\/div>\n\t\t\t\t<\/div>\n\t\t<div class=\"elementor-element elementor-element-60ff19cc elementor-hidden-desktop elementor-hidden-tablet e-flex e-con-boxed wpr-particle-no wpr-jarallax-no wpr-parallax-no wpr-sticky-section-no e-con e-parent\" data-id=\"60ff19cc\" data-element_type=\"container\" data-e-type=\"container\">\n\t\t\t\t\t<div class=\"e-con-inner\">\n\t\t\t\t<div class=\"elementor-element elementor-element-dcf565f wpr-ticker-heading-icon-position-left wpr-ticker-slider-columns-1 elementor-widget__width-inherit wpr-ticker-heading-position-left wpr-ticker-slider-columns--tablet3 wpr-ticker-slider-columns--mobile1 wpr-ticker-slides-to-scroll-1 wpr-ticker-arrow-style-horizontal wpr-ticker-arrow-position-right wpr-ticker-effect-hr-slide wpr-ticker-gradient-type-right elementor-widget elementor-widget-wpr-content-ticker\" data-id=\"dcf565f\" data-element_type=\"widget\" data-e-type=\"widget\" data-settings=\"{&quot;slider_amount&quot;:1,&quot;slider_amount_tablet&quot;:3,&quot;slider_amount_mobile&quot;:1,&quot;slides_to_scroll&quot;:1,&quot;slider_autoplay&quot;:&quot;yes&quot;,&quot;slider_autoplay_duration&quot;:3,&quot;slider_loop&quot;:&quot;yes&quot;}\" data-widget_type=\"wpr-content-ticker.default\">\n\t\t\t\t<div class=\"elementor-widget-container\">\n\t\t\t\t\t\n\t\t<!-- Content Ticker Slider -->\n\t\t<div class=\"wpr-content-ticker\">\n\n\t\t\t\n\t\t<a class=\"wpr-ticker-heading\" href=\"https:\/\/hymantovalley.agirenet.it\/it\/novita-ed-eventi\/\" nofollow=\"\">\n\t\t\t<span class=\"wpr-ticker-heading-text\"><\/span>\n\t\t\t<span class=\"wpr-ticker-heading-icon\">\n\t\t\t\t\t\n\t\t\t\t<svg class=\"e-font-icon-svg e-far-star\" viewBox=\"0 0 576 512\" xmlns=\"http:\/\/www.w3.org\/2000\/svg\"><path d=\"M528.1 171.5L382 150.2 316.7 17.8c-11.7-23.6-45.6-23.9-57.4 0L194 150.2 47.9 171.5c-26.2 3.8-36.7 36.1-17.7 54.6l105.7 103-25 145.5c-4.5 26.3 23.2 46 46.4 33.7L288 439.6l130.7 68.7c23.2 12.2 50.9-7.4 46.4-33.7l-25-145.5 105.7-103c19-18.5 8.5-50.8-17.7-54.6zM388.6 312.3l23.7 138.4L288 385.4l-124.3 65.3 23.7-138.4-100.6-98 139-20.2 62.2-126 62.2 126 139 20.2-100.6 98z\"><\/path><\/svg>\t\t\t\t\t\t\t<\/span>\n\t\t<\/a>\n\n\t\t\n\t\t\t<div class=\"wpr-content-ticker-inner\">\n\t\t\t\t\n\t\t\t\t\n\t\t<div class=\"wpr-ticker-slider wpr-ticker-gradient\" dir=\"ltr\" data-slick=\"{&quot;rtl&quot;:false,&quot;infinite&quot;:true,&quot;speed&quot;:2000,&quot;autoplay&quot;:true,&quot;autoplaySpeed&quot;:3000,&quot;pauseOnHover&quot;:&quot;yes&quot;,&quot;arrows&quot;:true,&quot;prevArrow&quot;:&quot;&lt;div class=\\&quot;wpr-ticker-prev-arrow wpr-ticker-arrow\\&quot;&gt;&lt;i class=\\&quot;fas fa-angle-left\\&quot;&gt;&lt;\\\/i&gt;&lt;\\\/div&gt;&quot;,&quot;nextArrow&quot;:&quot;&lt;div class=\\&quot;wpr-ticker-next-arrow wpr-ticker-arrow\\&quot;&gt;&lt;i class=\\&quot;fas fa-angle-left\\&quot;&gt;&lt;\\\/i&gt;&lt;\\\/div&gt;&quot;}\" data-slide-effect=\"hr-slide\">\t\n\t\t\t\n\t\t\t<div class=\"wpr-ticker-item\">\n\n\t\t\t\t\n\t\t\t\t\t\t\t\t\t<div class=\"wpr-ticker-image\">\n\t\t\t\t\t\t\n\t\t\t\t\t\t<a  href=\"https:\/\/hymantovalley.agirenet.it\/it\/2025\/10\/01\/evento-finale-greenmo-e-seminario-interregionale-per-lo-sviluppo-delle-capacita\/\"><img decoding=\"async\" src=\"https:\/\/hymantovalley.agirenet.it\/it\/wp-content\/uploads\/sites\/3\/2025\/10\/u4-Immagine-2025-10-01-110445-1.jpg\" alt=\"Evento finale GREENMO e seminario interregionale per lo sviluppo delle capacit\u00e0\"><\/a>\n\t\t\t\t\t<\/div>\n\t\t\t\t\n\t\t\t\t<h3 class=\"wpr-ticker-title\">\n\t\t\t\t\t<div class=\"wpr-ticker-title-inner\">\n\t\t\t\t\t<a href=\"https:\/\/hymantovalley.agirenet.it\/it\/2025\/10\/01\/evento-finale-greenmo-e-seminario-interregionale-per-lo-sviluppo-delle-capacita\/\">Evento finale GREENMO e seminario interregionale per lo sviluppo delle capacit\u00e0<\/a>\t\t\t\t\t<\/div>\n\t\t\t\t<\/h3>\n\n\t\t\t<\/div>\n\n\t\t\n\t\t\t<div class=\"wpr-ticker-item\">\n\n\t\t\t\t\n\t\t\t\t\t\t\t\t\t<div class=\"wpr-ticker-image\">\n\t\t\t\t\t\t\n\t\t\t\t\t\t<a  href=\"https:\/\/hymantovalley.agirenet.it\/it\/2024\/10\/01\/lidrogeno-del-futuro-e-gia-nel-presente-mantovano\/\"><img decoding=\"async\" src=\"https:\/\/hymantovalley.agirenet.it\/it\/wp-content\/uploads\/sites\/3\/2024\/10\/Banner-12-10-2024.jpg\" alt=\"L\u2019idrogeno del futuro \u00e8 gi\u00e0 nel presente mantovano &#8211; Castiglione D\/S 12 ottobre 2024\"><\/a>\n\t\t\t\t\t<\/div>\n\t\t\t\t\n\t\t\t\t<h3 class=\"wpr-ticker-title\">\n\t\t\t\t\t<div class=\"wpr-ticker-title-inner\">\n\t\t\t\t\t<a href=\"https:\/\/hymantovalley.agirenet.it\/it\/2024\/10\/01\/lidrogeno-del-futuro-e-gia-nel-presente-mantovano\/\">L\u2019idrogeno del futuro \u00e8 gi\u00e0 nel presente mantovano &#8211; Castiglione D\/S 12 ottobre 2024<\/a>\t\t\t\t\t<\/div>\n\t\t\t\t<\/h3>\n\n\t\t\t<\/div>\n\n\t\t\t\t<\/div>\n\n\t\t<div class=\"wpr-ticker-slider-controls\"><\/div>\n\n\t\t\t\t\t\t\n\t\t\t<\/div>\n\n\t\t<\/div>\n\n\t\t\t\t\t\t<\/div>\n\t\t\t\t<\/div>\n\t\t\t\t\t<\/div>\n\t\t\t\t<\/div>\n\t\t<div class=\"elementor-element elementor-element-d118f78 e-flex e-con-boxed wpr-particle-no wpr-jarallax-no wpr-parallax-no wpr-sticky-section-no e-con e-parent\" data-id=\"d118f78\" data-element_type=\"container\" data-e-type=\"container\">\n\t\t\t\t\t<div class=\"e-con-inner\">\n\t\t<div class=\"elementor-element elementor-element-316fc9cc e-con-full e-flex wpr-particle-no wpr-jarallax-no wpr-parallax-no wpr-sticky-section-no e-con e-child\" data-id=\"316fc9cc\" data-element_type=\"container\" data-e-type=\"container\">\n\t\t<div class=\"elementor-element elementor-element-39e0b376 e-flex e-con-boxed wpr-particle-no wpr-jarallax-no wpr-parallax-no wpr-sticky-section-no e-con e-child\" data-id=\"39e0b376\" data-element_type=\"container\" data-e-type=\"container\" data-settings=\"{&quot;background_background&quot;:&quot;classic&quot;}\">\n\t\t\t\t\t<div class=\"e-con-inner\">\n\t\t\t\t\t<\/div>\n\t\t\t\t<\/div>\n\t\t\t\t<\/div>\n\t\t<div class=\"elementor-element elementor-element-479c9a9a e-con-full e-flex wpr-particle-no wpr-jarallax-no wpr-parallax-no wpr-sticky-section-no e-con e-child\" data-id=\"479c9a9a\" data-element_type=\"container\" data-e-type=\"container\">\n\t\t\t\t<div class=\"elementor-element elementor-element-2645af37 elementor-widget elementor-widget-heading\" data-id=\"2645af37\" data-element_type=\"widget\" data-e-type=\"widget\" data-widget_type=\"heading.default\">\n\t\t\t\t<div class=\"elementor-widget-container\">\n\t\t\t\t\t<h6 class=\"elementor-heading-title elementor-size-default\">Benvenuti nel progetto HYMANTOVALLEY: La Valle dell'Idrogeno di Mantova<\/h6>\t\t\t\t<\/div>\n\t\t\t\t<\/div>\n\t\t\t\t<\/div>\n\t\t\t\t\t<\/div>\n\t\t\t\t<\/div>\n\t\t<div class=\"elementor-element elementor-element-6882572c e-flex e-con-boxed wpr-particle-no wpr-jarallax-no wpr-parallax-no wpr-sticky-section-no e-con e-parent\" data-id=\"6882572c\" data-element_type=\"container\" data-e-type=\"container\">\n\t\t\t\t\t<div class=\"e-con-inner\">\n\t\t\t\t<div class=\"elementor-element elementor-element-7ca540b7 elementor-widget elementor-widget-text-editor\" data-id=\"7ca540b7\" data-element_type=\"widget\" data-e-type=\"widget\" data-widget_type=\"text-editor.default\">\n\t\t\t\t<div class=\"elementor-widget-container\">\n\t\t\t\t\t\t\t\t\t<p><span style=\"font-weight: 400;\">Situata nel cuore della Pianura Padana, una delle aree pi\u00f9 inquinate d&#8217;Europa, la storica citt\u00e0 di Mantova si pone oggi alla guida della transizione ecologica europea. Il progetto <\/span><b>HYMANTOVALLEY<\/b><span style=\"font-weight: 400;\"> (Hydrogen Mantova Valley) nasce con un obiettivo chiaro e ambizioso: <\/span><b>promuovere l&#8217;uso dell&#8217;idrogeno rinnovabile per abbattere le emissioni nei settori civile, industriale e dei trasporti<\/b><span style=\"font-weight: 400;\">.<\/span><\/p><p><span style=\"font-weight: 400;\">Coordinato dalla Provincia di Mantova, questo ecosistema d&#8217;innovazione unisce <\/span><b>22 partner (tra aziende, universit\u00e0 e istituzioni) provenienti da 10 regioni e 4 Stati Membri dell&#8217;Unione Europea<\/b><span style=\"font-weight: 400;\"> (Italia, Austria, Paesi Bassi e Belgio). Lavoriamo insieme per creare una filiera dell&#8217;idrogeno completa, sostenibile e all&#8217;avanguardia.<\/span><\/p><p><b>Le nostre aree d&#8217;azione principali:<\/b><\/p><ul><li style=\"font-weight: 400;\" aria-level=\"1\"><b>Produzione e Distribuzione Innovativa<\/b><span style=\"font-weight: 400;\">: Guidiamo la transizione verso la produzione di idrogeno verde tramite l&#8217;installazione di un nuovo elettrolizzatore da 5 MW a Venezia, alimentato da un impianto fotovoltaico dedicato. Per collegare i poli, stiamo sviluppando <\/span><b>soluzioni di stoccaggio intermodali ad alta pressione (500 bar)<\/b><span style=\"font-weight: 400;\"> tramite innovativi carri bombolai (MEGCs), capaci di viaggiare su strada, rotaia e acqua.<\/span><\/li><li style=\"font-weight: 400;\" aria-level=\"1\"><b>Mobilit\u00e0 e Trasporti a Emissioni Zero<\/b><span style=\"font-weight: 400;\">: Trasformiamo la logistica del corridoio Mantova-Venezia studiando il <\/span><i><span style=\"font-weight: 400;\">refitting<\/span><\/i><span style=\"font-weight: 400;\"> a idrogeno di un rimorchiatore commerciale per la navigazione interna sul canale Fissero-Tartaro. Parallelamente, stiamo progettando una <\/span><b>nuova piattaforma per locomotive ferroviarie da manovra<\/b><span style=\"font-weight: 400;\"> prive di emissioni diesel.<\/span><\/li><li style=\"font-weight: 400;\" aria-level=\"1\"><b>Edilizia e Settore Agroalimentare<\/b><span style=\"font-weight: 400;\">: L&#8217;energia pulita deve entrare nella vita di tutti i giorni. Valutiamo l&#8217;integrazione dell&#8217;idrogeno verde per alimentare la <\/span><b>rete di teleriscaldamento urbano di Mantova<\/b><span style=\"font-weight: 400;\">. Inoltre, stiamo creando una filiera agroalimentare a zero emissioni: una <\/span><b>serra acquaponica sostenibile<\/b><span style=\"font-weight: 400;\"> integrata con veicoli logistici a idrogeno e biciclette alimentate a fuel-cell per percorsi didattico-turistici.<\/span><\/li><li style=\"font-weight: 400;\" aria-level=\"1\"><b>Ricerca, Formazione e Futuro<\/b><span style=\"font-weight: 400;\">: Per sostenere questa rivoluzione, progetteremo un <\/span><b>nuovo Hub di Ricerca Applicata e Formazione<\/b><span style=\"font-weight: 400;\"> sull&#8217;idrogeno, riqualificando un&#8217;area industriale. L&#8217;hub attrarr\u00e0 ricercatori, svilupper\u00e0 nuove competenze e stimoler\u00e0 l&#8217;innovazione tecnologica.<\/span><\/li><\/ul><p><b>Il nostro impatto<\/b><span style=\"font-weight: 400;\"> HYMANTOVALLEY non \u00e8 solo una sperimentazione tecnologica, ma un catalizzatore di cambiamenti concreti a livello sociale, economico ed ambientale. Miriamo a <\/span><b>migliorare significativamente la qualit\u00e0 dell&#8217;aria, creare nuovi posti di lavoro specializzati e stimolare la crescita economica<\/b><span style=\"font-weight: 400;\"> del territorio.<\/span><\/p><p><span style=\"font-weight: 400;\">Tutte le soluzioni studiate e testate a Mantova sono state concepite per diventare una &#8220;best practice&#8221; a livello internazionale, fornendo <\/span><b>un modello tecnico e di business replicabile per lo sviluppo di nuove Hydrogen Valley in tutta Europa<\/b><span style=\"font-weight: 400;\">.<\/span><\/p><p>Hymantovalley prevede investimenti per circa 9 M\u20ac ed \u00e8 cofinanziato al 70% dall\u2019Unione Europea attraverso il <a href=\"https:\/\/eismea.ec.europa.eu\/programmes\/interregional-innovation-investments-i3-instrument_en\" target=\"_blank\" rel=\"noopener\">Programma I3 Interregional Innovation Investments<\/a> \u2013 Investimenti per l\u2019innovazione interregionale, <strong>gestito da EISMEA \u2013 Agenzia esecutiva del Consiglio europeo per l\u2019innovazione e delle piccole e medie imprese<\/strong>. Il progetto si articola in 8 work packages, 13 mileston, 46 deliverables.<\/p><p><span style=\"font-weight: 400;\">Esplora le sezioni del sito per scoprire nel dettaglio <a href=\"https:\/\/hymantovalley.agirenet.it\/it\/partners\/\"><strong>i nostri partner<\/strong><\/a>, le tecnologie all&#8217;avanguardia che stiamo implementando e come, insieme, stiamo costruendo oggi l&#8217;energia pulita di domani.<\/span><\/p>\t\t\t\t\t\t\t\t<\/div>\n\t\t\t\t<\/div>\n\t\t\t\t\t<\/div>\n\t\t\t\t<\/div>\n\t\t\t\t<\/div>\n\t\t<ul class=\"wpuf_customs\"><\/ul>","protected":false},"excerpt":{"rendered":"<p>Novit\u00e0 ed Eventi Evento finale GREENMO e seminario interregionale per lo sviluppo delle capacit\u00e0 L\u2019idrogeno del futuro \u00e8 gi\u00e0 nel presente mantovano &#8211; Castiglione D\/S 12 ottobre 2024 Evento finale GREENMO e seminario interregionale per lo sviluppo delle capacit\u00e0 L\u2019idrogeno del futuro \u00e8 gi\u00e0 nel presente mantovano &#8211; Castiglione D\/S 12 ottobre 2024 Benvenuti nel progetto HYMANTOVALLEY: La Valle dell&#8217;Idrogeno di Mantova Situata nel cuore della Pianura Padana, una delle aree pi\u00f9 inquinate d&#8217;Europa, la storica citt\u00e0 di Mantova si pone oggi alla guida della transizione ecologica europea. Il progetto HYMANTOVALLEY (Hydrogen Mantova Valley) nasce con un obiettivo chiaro e ambizioso: promuovere l&#8217;uso dell&#8217;idrogeno rinnovabile per abbattere le emissioni nei settori civile, industriale e dei trasporti. Coordinato dalla Provincia di Mantova, questo ecosistema d&#8217;innovazione unisce 22 partner (tra aziende, universit\u00e0 e istituzioni) provenienti da 10 regioni e 4 Stati Membri dell&#8217;Unione Europea (Italia, Austria, Paesi Bassi e Belgio). Lavoriamo insieme per creare una filiera dell&#8217;idrogeno completa, sostenibile e all&#8217;avanguardia. Le nostre aree d&#8217;azione principali: Produzione e Distribuzione Innovativa: Guidiamo la transizione verso la produzione di idrogeno verde tramite l&#8217;installazione di un nuovo elettrolizzatore da 5 MW a Venezia, alimentato da un impianto fotovoltaico dedicato. Per collegare i poli, stiamo sviluppando soluzioni di stoccaggio intermodali ad alta pressione (500 bar) tramite innovativi carri bombolai (MEGCs), capaci di viaggiare su strada, rotaia e acqua. Mobilit\u00e0 e Trasporti a Emissioni Zero: Trasformiamo la logistica del corridoio Mantova-Venezia studiando il refitting a idrogeno di un rimorchiatore commerciale per la navigazione interna sul canale Fissero-Tartaro. Parallelamente, stiamo progettando una nuova piattaforma per locomotive ferroviarie da manovra prive di emissioni diesel. Edilizia e Settore Agroalimentare: L&#8217;energia pulita deve entrare nella vita di tutti i giorni. Valutiamo l&#8217;integrazione dell&#8217;idrogeno verde per alimentare la rete di teleriscaldamento urbano di Mantova. Inoltre, stiamo creando una filiera agroalimentare a zero emissioni: una serra acquaponica sostenibile integrata con veicoli logistici a idrogeno e biciclette alimentate a fuel-cell per percorsi didattico-turistici. Ricerca, Formazione e Futuro: Per sostenere questa rivoluzione, progetteremo un nuovo Hub di Ricerca Applicata e Formazione sull&#8217;idrogeno, riqualificando un&#8217;area industriale. L&#8217;hub attrarr\u00e0 ricercatori, svilupper\u00e0 nuove competenze e stimoler\u00e0 l&#8217;innovazione tecnologica. Il nostro impatto HYMANTOVALLEY non \u00e8 solo una sperimentazione tecnologica, ma un catalizzatore di cambiamenti concreti a livello sociale, economico ed ambientale. Miriamo a migliorare significativamente la qualit\u00e0 dell&#8217;aria, creare nuovi posti di lavoro specializzati e stimolare la crescita economica del territorio. Tutte le soluzioni studiate e testate a Mantova sono state concepite per diventare una &#8220;best practice&#8221; a livello internazionale, fornendo un modello tecnico e di business replicabile per lo sviluppo di nuove Hydrogen Valley in tutta Europa. Hymantovalley prevede investimenti per circa 9 M\u20ac ed \u00e8 cofinanziato al 70% dall\u2019Unione Europea attraverso il Programma I3 Interregional Innovation Investments \u2013 Investimenti per l\u2019innovazione interregionale, gestito da EISMEA \u2013 Agenzia esecutiva del Consiglio europeo per l\u2019innovazione e delle piccole e medie imprese. Il progetto si articola in 8 work packages, 13 mileston, 46 deliverables. Esplora le sezioni del sito per scoprire nel dettaglio i nostri partner, le tecnologie all&#8217;avanguardia che stiamo implementando e come, insieme, stiamo costruendo oggi l&#8217;energia pulita di domani.<\/p>\n","protected":false},"author":1,"featured_media":0,"parent":0,"menu_order":0,"comment_status":"closed","ping_status":"closed","template":"","meta":{"site-sidebar-layout":"no-sidebar","site-content-layout":"","ast-site-content-layout":"normal-width-container","site-content-style":"unboxed","site-sidebar-style":"unboxed","ast-global-header-display":"","ast-banner-title-visibility":"","ast-main-header-display":"","ast-hfb-above-header-display":"","ast-hfb-below-header-display":"","ast-hfb-mobile-header-display":"","site-post-title":"disabled","ast-breadcrumbs-content":"","ast-featured-img":"disabled","footer-sml-layout":"","ast-disable-related-posts":"","theme-transparent-header-meta":"","adv-header-id-meta":"","stick-header-meta":"","header-above-stick-meta":"","header-main-stick-meta":"","header-below-stick-meta":"","astra-migrate-meta-layouts":"default","ast-page-background-enabled":"default","ast-page-background-meta":{"desktop":{"background-color":"var(--ast-global-color-4)","background-image":"","background-repeat":"repeat","background-position":"center center","background-size":"auto","background-attachment":"scroll","background-type":"","background-media":"","overlay-type":"","overlay-color":"","overlay-opacity":"","overlay-gradient":""},"tablet":{"background-color":"","background-image":"","background-repeat":"repeat","background-position":"center center","background-size":"auto","background-attachment":"scroll","background-type":"","background-media":"","overlay-type":"","overlay-color":"","overlay-opacity":"","overlay-gradient":""},"mobile":{"background-color":"","background-image":"","background-repeat":"repeat","background-position":"center center","background-size":"auto","background-attachment":"scroll","background-type":"","background-media":"","overlay-type":"","overlay-color":"","overlay-opacity":"","overlay-gradient":""}},"ast-content-background-meta":{"desktop":{"background-color":"var(--ast-global-color-5)","background-image":"","background-repeat":"repeat","background-position":"center center","background-size":"auto","background-attachment":"scroll","background-type":"","background-media":"","overlay-type":"","overlay-color":"","overlay-opacity":"","overlay-gradient":""},"tablet":{"background-color":"var(--ast-global-color-5)","background-image":"","background-repeat":"repeat","background-position":"center center","background-size":"auto","background-attachment":"scroll","background-type":"","background-media":"","overlay-type":"","overlay-color":"","overlay-opacity":"","overlay-gradient":""},"mobile":{"background-color":"var(--ast-global-color-5)","background-image":"","background-repeat":"repeat","background-position":"center center","background-size":"auto","background-attachment":"scroll","background-type":"","background-media":"","overlay-type":"","overlay-color":"","overlay-opacity":"","overlay-gradient":""}},"footnotes":""},"class_list":["post-15","page","type-page","status-publish","hentry"],"_links":{"self":[{"href":"https:\/\/hymantovalley.agirenet.it\/it\/wp-json\/wp\/v2\/pages\/15","targetHints":{"allow":["GET"]}}],"collection":[{"href":"https:\/\/hymantovalley.agirenet.it\/it\/wp-json\/wp\/v2\/pages"}],"about":[{"href":"https:\/\/hymantovalley.agirenet.it\/it\/wp-json\/wp\/v2\/types\/page"}],"author":[{"embeddable":true,"href":"https:\/\/hymantovalley.agirenet.it\/it\/wp-json\/wp\/v2\/users\/1"}],"replies":[{"embeddable":true,"href":"https:\/\/hymantovalley.agirenet.it\/it\/wp-json\/wp\/v2\/comments?post=15"}],"version-history":[{"count":44,"href":"https:\/\/hymantovalley.agirenet.it\/it\/wp-json\/wp\/v2\/pages\/15\/revisions"}],"predecessor-version":[{"id":2732,"href":"https:\/\/hymantovalley.agirenet.it\/it\/wp-json\/wp\/v2\/pages\/15\/revisions\/2732"}],"wp:attachment":[{"href":"https:\/\/hymantovalley.agirenet.it\/it\/wp-json\/wp\/v2\/media?parent=15"}],"curies":[{"name":"wp","href":"https:\/\/api.w.org\/{rel}","templated":true}]}}