{"id":985,"date":"2024-02-11T22:39:51","date_gmt":"2024-02-11T21:39:51","guid":{"rendered":"https:\/\/hymantovalley.agirenet.it\/it\/?page_id=985"},"modified":"2026-04-02T22:52:55","modified_gmt":"2026-04-02T20:52:55","slug":"wolftank-group","status":"publish","type":"page","link":"https:\/\/hymantovalley.agirenet.it\/it\/partners\/wolftank-group\/","title":{"rendered":"Wolftank Group"},"content":{"rendered":"\t\t<div data-elementor-type=\"wp-page\" data-elementor-id=\"985\" class=\"elementor elementor-985\">\n\t\t\t\t\t\t<section class=\"elementor-section elementor-top-section elementor-element elementor-element-2ff03991 elementor-section-boxed elementor-section-height-default elementor-section-height-default wpr-particle-no wpr-jarallax-no wpr-parallax-no wpr-sticky-section-no\" data-id=\"2ff03991\" data-element_type=\"section\">\n\t\t\t\t\t\t<div class=\"elementor-container elementor-column-gap-default\">\n\t\t\t\t\t<div class=\"elementor-column elementor-col-50 elementor-top-column elementor-element elementor-element-121e4465\" data-id=\"121e4465\" data-element_type=\"column\">\n\t\t\t<div class=\"elementor-widget-wrap elementor-element-populated\">\n\t\t\t\t\t\t<div class=\"elementor-element elementor-element-c831781 wpr-advanced-text-style-highlighted wpr-animated-text-infinite-yes elementor-widget elementor-widget-wpr-advanced-text\" data-id=\"c831781\" data-element_type=\"widget\" data-settings=\"{&quot;anim_loop&quot;:&quot;yes&quot;}\" data-widget_type=\"wpr-advanced-text.default\">\n\t\t\t\t<div class=\"elementor-widget-container\">\n\t\t\t\t\t\n\t\t<h3 class=\"wpr-advanced-text\">\n\n\t\t\t\t\t\n\t\t\t\t\t\t\t<span class=\"wpr-advanced-text-preffix\">WOLFTANK GROUP<\/span>\n\t\t\t\n\t\t<span class=\"wpr-highlighted-text\">\n\t\t\t\t\t\n\t\t\t<span class=\"wpr-highlighted-text-inner\">Hymantovalley<\/span>\n\n\t\t\t<svg xmlns=\"http:\/\/www.w3.org\/2000\/svg\" viewBox=\"0 0 500 150\" class=\"wpr-highlight-underline-zigzag\" preserveAspectRatio=\"none\">\n\t\t\t\t\t\t\t\t<path d=\"M9.3,127.3c49.3-3,150.7-7.6,199.7-7.4c121.9,0.4,189.9,0.4,282.3,7.2C380.1,129.6,181.2,130.6,70,139 c82.6-2.9,254.2-1,335.9,1.3c-56,1.4-137.2-0.3-197.1,9\"><\/path>\n\t\t\t\t\t\t\t<\/svg>\n\t\t\t\t\t<\/span>\n\t\t\t\t\t\t<span class=\"wpr-advanced-text-suffix\">partner<\/span>\n\t\t\t\t\t\n\t\t<\/h3>\n\t\t\n\t\t\t\t\t\t<\/div>\n\t\t\t\t<\/div>\n\t\t\t\t<section class=\"elementor-section elementor-inner-section elementor-element elementor-element-e9d7543 elementor-section-boxed elementor-section-height-default elementor-section-height-default wpr-particle-no wpr-jarallax-no wpr-parallax-no wpr-sticky-section-no\" data-id=\"e9d7543\" data-element_type=\"section\">\n\t\t\t\t\t\t<div class=\"elementor-container elementor-column-gap-default\">\n\t\t\t\t\t<div class=\"elementor-column elementor-col-100 elementor-inner-column elementor-element elementor-element-32c99926\" data-id=\"32c99926\" data-element_type=\"column\">\n\t\t\t<div class=\"elementor-widget-wrap elementor-element-populated\">\n\t\t\t\t\t\t<div class=\"elementor-element elementor-element-79ae5798 elementor-widget elementor-widget-text-editor\" data-id=\"79ae5798\" data-element_type=\"widget\" data-widget_type=\"text-editor.default\">\n\t\t\t\t<div class=\"elementor-widget-container\">\n\t\t\t\t\t\t\t\t\t<p><img decoding=\"async\" class=\"alignleft wp-image-2799 size-thumbnail\" src=\"https:\/\/hymantovalley.agirenet.it\/it\/wp-content\/uploads\/sites\/3\/2026\/03\/WOLFTANK-GROUP-150x150.png\" alt=\"\" width=\"150\" height=\"150\" srcset=\"https:\/\/hymantovalley.agirenet.it\/it\/wp-content\/uploads\/sites\/3\/2026\/03\/WOLFTANK-GROUP-150x150.png 150w, https:\/\/hymantovalley.agirenet.it\/it\/wp-content\/uploads\/sites\/3\/2026\/03\/WOLFTANK-GROUP-300x300.png 300w, https:\/\/hymantovalley.agirenet.it\/it\/wp-content\/uploads\/sites\/3\/2026\/03\/WOLFTANK-GROUP.png 500w\" sizes=\"(max-width: 150px) 100vw, 150px\" \/><\/p><p>Membro della European Clean Hydrogen Alliance, Wolftank Adisa GmbH \u00e8 un leader tecnologico globale specializzato in soluzioni di rivestimento e idrogeno. L&#8217;azienda sviluppa infrastrutture all&#8217;avanguardia per la protezione dell&#8217;ambiente e la gestione dei combustibili alternativi, con particolare attenzione alla sicurezza e all&#8217;efficienza dei sistemi a idrogeno. All&#8217;interno di HMV, Wolftank si concentra sul rifornimento di idrogeno in veicoli di vario tipo. L&#8217;azienda fornir\u00e0 una stazione Wolftank H2 Mobile Station Easy per testare sul campo la fattibilit\u00e0 di infrastrutture fisse, mitigando cos\u00ec i rischi di investimento iniziali. Inoltre, faciliter\u00e0 l&#8217;adozione di veicoli logistici a emissioni zero in contesti agricoli innovativi.<\/p><ul><li><a href=\"https:\/\/wolftankgroup.com\/\" target=\"_blank\" rel=\"noopener\"><strong>Link pagina web<\/strong><\/a><\/li><\/ul>\t\t\t\t\t\t\t\t<\/div>\n\t\t\t\t<\/div>\n\t\t\t\t\t<\/div>\n\t\t<\/div>\n\t\t\t\t\t<\/div>\n\t\t<\/section>\n\t\t\t\t\t<\/div>\n\t\t<\/div>\n\t\t\t\t<div class=\"elementor-column elementor-col-50 elementor-top-column elementor-element elementor-element-ca92dc\" data-id=\"ca92dc\" data-element_type=\"column\">\n\t\t\t<div class=\"elementor-widget-wrap elementor-element-populated\">\n\t\t\t\t\t\t<section class=\"elementor-section elementor-inner-section elementor-element elementor-element-bbf5c69 elementor-section-boxed elementor-section-height-default elementor-section-height-default wpr-particle-no wpr-jarallax-no wpr-parallax-no wpr-sticky-section-no\" data-id=\"bbf5c69\" data-element_type=\"section\">\n\t\t\t\t\t\t<div class=\"elementor-container elementor-column-gap-default\">\n\t\t\t\t\t<div class=\"elementor-column elementor-col-100 elementor-inner-column elementor-element elementor-element-95b38ea\" data-id=\"95b38ea\" data-element_type=\"column\">\n\t\t\t<div class=\"elementor-widget-wrap elementor-element-populated\">\n\t\t\t\t\t\t<div class=\"elementor-element elementor-element-561498a elementor-widget elementor-widget-heading\" data-id=\"561498a\" data-element_type=\"widget\" data-widget_type=\"heading.default\">\n\t\t\t\t<div class=\"elementor-widget-container\">\n\t\t\t\t\t<h4 class=\"elementor-heading-title elementor-size-default\">Menu Partners<\/h4>\t\t\t\t<\/div>\n\t\t\t\t<\/div>\n\t\t\t\t\t<\/div>\n\t\t<\/div>\n\t\t\t\t\t<\/div>\n\t\t<\/section>\n\t\t\t\t<div class=\"elementor-element elementor-element-7a78584 wpr-page-list-vertical wpr-pl-badge-center wpr-pl-icon-center elementor-widget elementor-widget-wpr-page-list\" data-id=\"7a78584\" data-element_type=\"widget\" data-widget_type=\"wpr-page-list.default\">\n\t\t\t\t<div class=\"elementor-widget-container\">\n\t\t\t\t\t<div class=\"wpr-page-list-wrap\"><ul class=\"wpr-page-list\"><li class=\"wpr-page-list-item elementor-repeater-item-c6f4b87 wpr-pointer-none wpr-pointer-line-fx wpr-pointer-fx-fade\"><div><a  href=\"https:\/\/hymantovalley.agirenet.it\/it\/partners\/provincia-di-mantova\/\" rel=\"nofollow\" class=\"wpr-no-pointer wpr-pl-title\">Provincia di Mantova<\/a><p>Italia<\/p><\/div><\/li><li class=\"wpr-page-list-item elementor-repeater-item-ceeceff wpr-pointer-none wpr-pointer-line-fx wpr-pointer-fx-fade\"><div><a  href=\"https:\/\/hymantovalley.agirenet.it\/it\/partners\/agire-srl\/\" rel=\"nofollow\" class=\"wpr-no-pointer wpr-pl-title\">A.G.I.R.E. Srl<\/a><p>Italia<\/p><\/div><\/li><li class=\"wpr-page-list-item elementor-repeater-item-c40a24e wpr-pointer-none wpr-pointer-line-fx wpr-pointer-fx-fade\"><div><a  href=\"https:\/\/hymantovalley.agirenet.it\/it\/partners\/sapio\/\" rel=\"nofollow\" class=\"wpr-no-pointer wpr-pl-title\">SAPIO<\/a><p>Italia<\/p><\/div><\/li><li class=\"wpr-page-list-item elementor-repeater-item-f63798e wpr-pointer-none wpr-pointer-line-fx wpr-pointer-fx-fade\"><div><a  href=\"https:\/\/hymantovalley.agirenet.it\/it\/partners\/renhive\/\" rel=\"nofollow\" class=\"wpr-no-pointer wpr-pl-title\">RENHIVE<\/a><p>Austria<\/p><\/div><\/li><li class=\"wpr-page-list-item elementor-repeater-item-4664157 wpr-pointer-none wpr-pointer-line-fx wpr-pointer-fx-fade\"><div><a  href=\"https:\/\/hymantovalley.agirenet.it\/it\/partners\/vena\/\" rel=\"nofollow\" class=\"wpr-no-pointer wpr-pl-title\">VENA<\/a><p>Italia<\/p><\/div><\/li><li class=\"wpr-page-list-item elementor-repeater-item-c180f86 wpr-pointer-none wpr-pointer-line-fx wpr-pointer-fx-fade\"><div><a  href=\"https:\/\/hymantovalley.agirenet.it\/it\/partners\/future-proof-shipping\/\" rel=\"nofollow\" class=\"wpr-no-pointer wpr-pl-title\">Future Proof Shipping<\/a><p>Olanda<\/p><\/div><\/li><li class=\"wpr-page-list-item elementor-repeater-item-3989478 wpr-pointer-none wpr-pointer-line-fx wpr-pointer-fx-fade\"><div><a  href=\"https:\/\/hymantovalley.agirenet.it\/it\/partners\/ipe-locomotori-2000\/\" rel=\"nofollow\" class=\"wpr-no-pointer wpr-pl-title\">IPE Locomotori 2000<\/a><p>Italia<\/p><\/div><\/li><li class=\"wpr-page-list-item elementor-repeater-item-cf0e9af wpr-pointer-none wpr-pointer-line-fx wpr-pointer-fx-fade\"><div><a  href=\"https:\/\/hymantovalley.agirenet.it\/it\/partners\/stress-scarl\/\" rel=\"nofollow\" class=\"wpr-no-pointer wpr-pl-title\">STRESS Scarl<\/a><p>Italia<\/p><\/div><\/li><li class=\"wpr-page-list-item elementor-repeater-item-3041c0d wpr-pointer-none wpr-pointer-line-fx wpr-pointer-fx-fade\"><div><a  href=\"https:\/\/hymantovalley.agirenet.it\/it\/partners\/uni-sannio\/\" rel=\"nofollow\" class=\"wpr-no-pointer wpr-pl-title\">Universit\u00e0 del Sannio<\/a><p>Italia<\/p><\/div><\/li><li class=\"wpr-page-list-item elementor-repeater-item-8044193 wpr-pointer-none wpr-pointer-line-fx wpr-pointer-fx-fade\"><div><a  href=\"https:\/\/hymantovalley.agirenet.it\/it\/partners\/uni-molise\/\" rel=\"nofollow\" class=\"wpr-no-pointer wpr-pl-title\">Universit\u00e0 del Molise<\/a><p>Italia<\/p><\/div><\/li><li class=\"wpr-page-list-item elementor-repeater-item-d88bf10 wpr-pointer-none wpr-pointer-line-fx wpr-pointer-fx-fade\"><div><a  href=\"https:\/\/hymantovalley.agirenet.it\/it\/partners\/uni-modena-reggio-emilia\/\" rel=\"nofollow\" class=\"wpr-no-pointer wpr-pl-title\">Universit\u00e0 di Modena e Reggio Emilia<\/a><p>Italia<\/p><\/div><\/li><li class=\"wpr-page-list-item elementor-repeater-item-66eab59 wpr-pointer-none wpr-pointer-line-fx wpr-pointer-fx-fade\"><div><a  href=\"https:\/\/hymantovalley.agirenet.it\/it\/partners\/fondazione-bruno-kessler\/\" rel=\"nofollow\" class=\"wpr-no-pointer wpr-pl-title\">Fondazione Bruno Kessler<\/a><p>Italia<\/p><\/div><\/li><li class=\"wpr-page-list-item elementor-repeater-item-1bb0312 wpr-pointer-none wpr-pointer-line-fx wpr-pointer-fx-fade\"><div><a  href=\"https:\/\/hymantovalley.agirenet.it\/it\/partners\/politecnico-milano\/\" rel=\"nofollow\" class=\"wpr-no-pointer wpr-pl-title\">Politecnico di Milano<\/a><p>Italia<\/p><\/div><\/li><li class=\"wpr-page-list-item elementor-repeater-item-b4bafc8 wpr-pointer-none wpr-pointer-line-fx wpr-pointer-fx-fade\"><div><a  href=\"https:\/\/hymantovalley.agirenet.it\/it\/partners\/cnr\/\" rel=\"nofollow\" class=\"wpr-no-pointer wpr-pl-title\">CNR Consiglio Nazionale Ricerche<\/a><p>Italia<\/p><\/div><\/li><li class=\"wpr-page-list-item elementor-repeater-item-3b51fc6 wpr-pointer-none wpr-pointer-line-fx wpr-pointer-fx-fade\"><div><a  href=\"https:\/\/hymantovalley.agirenet.it\/it\/partners\/efip\/\" rel=\"nofollow\" class=\"wpr-no-pointer wpr-pl-title\">EFIP<\/a><p>Belgio<\/p><\/div><\/li><\/ul><\/div>\t\t\t\t<\/div>\n\t\t\t\t<\/div>\n\t\t\t\t\t<\/div>\n\t\t<\/div>\n\t\t\t\t\t<\/div>\n\t\t<\/section>\n\t\t\t\t<\/div>\n\t\t","protected":false},"excerpt":{"rendered":"<p>WOLFTANK GROUP Hymantovalley partner Membro della European Clean Hydrogen Alliance, Wolftank Adisa GmbH \u00e8 un leader tecnologico globale specializzato in soluzioni di rivestimento e idrogeno. L&#8217;azienda sviluppa infrastrutture all&#8217;avanguardia per la protezione dell&#8217;ambiente e la gestione dei combustibili alternativi, con particolare attenzione alla sicurezza e all&#8217;efficienza dei sistemi a idrogeno. All&#8217;interno di HMV, Wolftank si concentra sul rifornimento di idrogeno in veicoli di vario tipo. L&#8217;azienda fornir\u00e0 una stazione Wolftank H2 Mobile Station Easy per testare sul campo la fattibilit\u00e0 di infrastrutture fisse, mitigando cos\u00ec i rischi di investimento iniziali. Inoltre, faciliter\u00e0 l&#8217;adozione di veicoli logistici a emissioni zero in contesti agricoli innovativi. Link pagina web Menu Partners Provincia di Mantova Italia A.G.I.R.E. Srl Italia SAPIO Italia RENHIVE Austria VENA Italia Future Proof Shipping Olanda IPE Locomotori 2000 Italia STRESS Scarl Italia Universit\u00e0 del Sannio Italia Universit\u00e0 del Molise Italia Universit\u00e0 di Modena e Reggio Emilia Italia Fondazione Bruno Kessler Italia Politecnico di Milano Italia CNR Consiglio Nazionale Ricerche Italia EFIP Belgio<\/p>\n","protected":false},"author":1,"featured_media":0,"parent":238,"menu_order":8,"comment_status":"closed","ping_status":"closed","template":"","meta":{"site-sidebar-layout":"no-sidebar","site-content-layout":"","ast-site-content-layout":"normal-width-container","site-content-style":"default","site-sidebar-style":"default","ast-global-header-display":"","ast-banner-title-visibility":"","ast-main-header-display":"","ast-hfb-above-header-display":"","ast-hfb-below-header-display":"","ast-hfb-mobile-header-display":"","site-post-title":"disabled","ast-breadcrumbs-content":"","ast-featured-img":"","footer-sml-layout":"","theme-transparent-header-meta":"","adv-header-id-meta":"","stick-header-meta":"","header-above-stick-meta":"","header-main-stick-meta":"","header-below-stick-meta":"","astra-migrate-meta-layouts":"default","ast-page-background-enabled":"default","ast-page-background-meta":{"desktop":{"background-color":"var(--ast-global-color-4)","background-image":"","background-repeat":"repeat","background-position":"center center","background-size":"auto","background-attachment":"scroll","background-type":"","background-media":"","overlay-type":"","overlay-color":"","overlay-opacity":"","overlay-gradient":""},"tablet":{"background-color":"","background-image":"","background-repeat":"repeat","background-position":"center center","background-size":"auto","background-attachment":"scroll","background-type":"","background-media":"","overlay-type":"","overlay-color":"","overlay-opacity":"","overlay-gradient":""},"mobile":{"background-color":"","background-image":"","background-repeat":"repeat","background-position":"center center","background-size":"auto","background-attachment":"scroll","background-type":"","background-media":"","overlay-type":"","overlay-color":"","overlay-opacity":"","overlay-gradient":""}},"ast-content-background-meta":{"desktop":{"background-color":"var(--ast-global-color-5)","background-image":"","background-repeat":"repeat","background-position":"center center","background-size":"auto","background-attachment":"scroll","background-type":"","background-media":"","overlay-type":"","overlay-color":"","overlay-opacity":"","overlay-gradient":""},"tablet":{"background-color":"var(--ast-global-color-5)","background-image":"","background-repeat":"repeat","background-position":"center center","background-size":"auto","background-attachment":"scroll","background-type":"","background-media":"","overlay-type":"","overlay-color":"","overlay-opacity":"","overlay-gradient":""},"mobile":{"background-color":"var(--ast-global-color-5)","background-image":"","background-repeat":"repeat","background-position":"center center","background-size":"auto","background-attachment":"scroll","background-type":"","background-media":"","overlay-type":"","overlay-color":"","overlay-opacity":"","overlay-gradient":""}},"footnotes":""},"class_list":["post-985","page","type-page","status-publish","hentry"],"_links":{"self":[{"href":"https:\/\/hymantovalley.agirenet.it\/it\/wp-json\/wp\/v2\/pages\/985","targetHints":{"allow":["GET"]}}],"collection":[{"href":"https:\/\/hymantovalley.agirenet.it\/it\/wp-json\/wp\/v2\/pages"}],"about":[{"href":"https:\/\/hymantovalley.agirenet.it\/it\/wp-json\/wp\/v2\/types\/page"}],"author":[{"embeddable":true,"href":"https:\/\/hymantovalley.agirenet.it\/it\/wp-json\/wp\/v2\/users\/1"}],"replies":[{"embeddable":true,"href":"https:\/\/hymantovalley.agirenet.it\/it\/wp-json\/wp\/v2\/comments?post=985"}],"version-history":[{"count":34,"href":"https:\/\/hymantovalley.agirenet.it\/it\/wp-json\/wp\/v2\/pages\/985\/revisions"}],"predecessor-version":[{"id":3340,"href":"https:\/\/hymantovalley.agirenet.it\/it\/wp-json\/wp\/v2\/pages\/985\/revisions\/3340"}],"up":[{"embeddable":true,"href":"https:\/\/hymantovalley.agirenet.it\/it\/wp-json\/wp\/v2\/pages\/238"}],"wp:attachment":[{"href":"https:\/\/hymantovalley.agirenet.it\/it\/wp-json\/wp\/v2\/media?parent=985"}],"curies":[{"name":"wp","href":"https:\/\/api.w.org\/{rel}","templated":true}]}}